{"id":127,"date":"2020-03-16T17:48:15","date_gmt":"2020-03-16T17:48:15","guid":{"rendered":"https:\/\/kadvanced.com\/?page_id=127"},"modified":"2020-06-03T13:53:52","modified_gmt":"2020-06-03T11:53:52","slug":"politica-de-cookies","status":"publish","type":"page","link":"https:\/\/kadvanced.com\/es\/politica-de-cookies\/","title":{"rendered":"Pol\u00edtica de cookies"},"content":{"rendered":"<h3><span style=\"color: #000000;\">POL\u00cdTICA DE USO DE LAS COOKIES<\/span><\/h3>\n<p>\u00bfQu\u00e9 son las cookies?<\/p>\n<p>Una cookie es un fichero que se descarga en su ordenador al acceder a determinadas p\u00e1ginas web. Las cookies permiten a una p\u00e1gina web, entre otras cosas, almacenar y recuperar informaci\u00f3n sobre los h\u00e1bitos de navegaci\u00f3n de un usuario o de su equipo y, dependiendo de la informaci\u00f3n que contengan y de la forma en que utilice su equipo, pueden utilizarse para reconocer al usuario y facilitar la navegaci\u00f3n y el uso que el mismo hace de la p\u00e1gina web.<\/p>\n<p>\u00bfQu\u00e9 tipos de cookies utiliza esta p\u00e1gina web?<\/p>\n<ul>\n<li><strong>Google Analytics:<\/strong> conjunto de cookies de an\u00e1lisis de terceros: Son un conjunto de cookies que, tratadas por un tercero (google), nos permiten cuantificar, de manera an\u00f3nima, el n\u00famero de usuarios que acceden a la nuestra p\u00e1gina web, y el uso que hacen de las distintas opciones, servicios e informaci\u00f3n presentes, para efectuar un an\u00e1lisis estad\u00edstico de su uso por parte de los usuarios en general, con el objetivo de mejorar el servicio y el abanico de ofertas que les ofrecemos.<\/li>\n<li><strong> WPML:<\/strong> Cookie propia de configuraci\u00f3n de idioma: esta cookie recuerda el idioma de acceso del usuario a nuestra p\u00e1gina web, para que no tenga que escogerlo cada vez que acceda.<\/li>\n<\/ul>\n<p>Puede usted permitir, bloquear o eliminar las cookies instaladas en su equipo mediante la configuraci\u00f3n de las opciones del navegador instalado en su ordenador.<\/p>\n","protected":false},"excerpt":{"rendered":"<p>POL\u00cdTICA DE USO DE LAS COOKIES \u00bfQu\u00e9 son las cookies? Una cookie es un fichero que se descarga en su ordenador al acceder a determinadas p\u00e1ginas web. Las cookies permiten a una p\u00e1gina web, entre otras cosas, almacenar y recuperar informaci\u00f3n sobre los h\u00e1bitos de navegaci\u00f3n de un usuario o de su equipo y, dependiendo [&hellip;]<\/p>\n","protected":false},"author":2,"featured_media":0,"parent":0,"menu_order":0,"comment_status":"closed","ping_status":"closed","template":"","meta":{"_acf_changed":false,"footnotes":""},"class_list":["post-127","page","type-page","status-publish","hentry"],"acf":[],"yoast_head":"<!-- This site is optimized with the Yoast SEO plugin v27.1.1 - https:\/\/yoast.com\/product\/yoast-seo-wordpress\/ -->\n<title>Pol\u00edtica de cookies &#187; Koenigsegg Advanced Manufacturing<\/title>\n<meta name=\"description\" content=\"En nuestra p\u00e1gina web utilizamos cookies para mejorar su navegaci\u00f3n.\" \/>\n<meta name=\"robots\" content=\"index, follow, max-snippet:-1, max-image-preview:large, max-video-preview:-1\" \/>\n<link rel=\"canonical\" href=\"https:\/\/kadvanced.com\/es\/politica-de-cookies\/\" \/>\n<meta property=\"og:locale\" content=\"es_ES\" \/>\n<meta property=\"og:type\" content=\"article\" \/>\n<meta property=\"og:title\" content=\"Pol\u00edtica de cookies &#187; Koenigsegg Advanced Manufacturing\" \/>\n<meta property=\"og:description\" content=\"En nuestra p\u00e1gina web utilizamos cookies para mejorar su navegaci\u00f3n.\" \/>\n<meta property=\"og:url\" content=\"https:\/\/kadvanced.com\/es\/politica-de-cookies\/\" \/>\n<meta property=\"og:site_name\" content=\"Koenigsegg Advanced Manufacturing\" \/>\n<meta property=\"article:modified_time\" content=\"2020-06-03T11:53:52+00:00\" \/>\n<meta name=\"twitter:card\" content=\"summary_large_image\" \/>\n<meta name=\"twitter:label1\" content=\"Tiempo de lectura\" \/>\n\t<meta name=\"twitter:data1\" content=\"1 minuto\" \/>\n<script type=\"application\/ld+json\" class=\"yoast-schema-graph\">{\"@context\":\"https:\/\/schema.org\",\"@graph\":[{\"@type\":\"WebPage\",\"@id\":\"https:\/\/kadvanced.com\/es\/politica-de-cookies\/\",\"url\":\"https:\/\/kadvanced.com\/es\/politica-de-cookies\/\",\"name\":\"Pol\u00edtica de cookies &#187; Koenigsegg Advanced Manufacturing\",\"isPartOf\":{\"@id\":\"https:\/\/kadvanced.com\/es\/#website\"},\"datePublished\":\"2020-03-16T17:48:15+00:00\",\"dateModified\":\"2020-06-03T11:53:52+00:00\",\"description\":\"En nuestra p\u00e1gina web utilizamos cookies para mejorar su navegaci\u00f3n.\",\"breadcrumb\":{\"@id\":\"https:\/\/kadvanced.com\/es\/politica-de-cookies\/#breadcrumb\"},\"inLanguage\":\"es\",\"potentialAction\":[{\"@type\":\"ReadAction\",\"target\":[\"https:\/\/kadvanced.com\/es\/politica-de-cookies\/\"]}]},{\"@type\":\"BreadcrumbList\",\"@id\":\"https:\/\/kadvanced.com\/es\/politica-de-cookies\/#breadcrumb\",\"itemListElement\":[{\"@type\":\"ListItem\",\"position\":1,\"name\":\"Home\",\"item\":\"https:\/\/kadvanced.com\/es\/\"},{\"@type\":\"ListItem\",\"position\":2,\"name\":\"Pol\u00edtica de cookies\"}]},{\"@type\":\"WebSite\",\"@id\":\"https:\/\/kadvanced.com\/es\/#website\",\"url\":\"https:\/\/kadvanced.com\/es\/\",\"name\":\"Koenigsegg Advanced Manufacturing\",\"description\":\"KAM\",\"publisher\":{\"@id\":\"https:\/\/kadvanced.com\/es\/#organization\"},\"potentialAction\":[{\"@type\":\"SearchAction\",\"target\":{\"@type\":\"EntryPoint\",\"urlTemplate\":\"https:\/\/kadvanced.com\/es\/?s={search_term_string}\"},\"query-input\":{\"@type\":\"PropertyValueSpecification\",\"valueRequired\":true,\"valueName\":\"search_term_string\"}}],\"inLanguage\":\"es\"},{\"@type\":\"Organization\",\"@id\":\"https:\/\/kadvanced.com\/es\/#organization\",\"name\":\"Koenigsegg Advanced Manufacturing\",\"url\":\"https:\/\/kadvanced.com\/es\/\",\"logo\":{\"@type\":\"ImageObject\",\"inLanguage\":\"es\",\"@id\":\"https:\/\/kadvanced.com\/es\/#\/schema\/logo\/image\/\",\"url\":\"https:\/\/kadvanced.com\/wp-content\/uploads\/2020\/04\/logo-kam-2020.png\",\"contentUrl\":\"https:\/\/kadvanced.com\/wp-content\/uploads\/2020\/04\/logo-kam-2020.png\",\"width\":430,\"height\":122,\"caption\":\"Koenigsegg Advanced Manufacturing\"},\"image\":{\"@id\":\"https:\/\/kadvanced.com\/es\/#\/schema\/logo\/image\/\"}}]}<\/script>\n<!-- \/ Yoast SEO plugin. -->","yoast_head_json":{"title":"Pol\u00edtica de cookies &#187; Koenigsegg Advanced Manufacturing","description":"En nuestra p\u00e1gina web utilizamos cookies para mejorar su navegaci\u00f3n.","robots":{"index":"index","follow":"follow","max-snippet":"max-snippet:-1","max-image-preview":"max-image-preview:large","max-video-preview":"max-video-preview:-1"},"canonical":"https:\/\/kadvanced.com\/es\/politica-de-cookies\/","og_locale":"es_ES","og_type":"article","og_title":"Pol\u00edtica de cookies &#187; Koenigsegg Advanced Manufacturing","og_description":"En nuestra p\u00e1gina web utilizamos cookies para mejorar su navegaci\u00f3n.","og_url":"https:\/\/kadvanced.com\/es\/politica-de-cookies\/","og_site_name":"Koenigsegg Advanced Manufacturing","article_modified_time":"2020-06-03T11:53:52+00:00","twitter_card":"summary_large_image","twitter_misc":{"Tiempo de lectura":"1 minuto"},"schema":{"@context":"https:\/\/schema.org","@graph":[{"@type":"WebPage","@id":"https:\/\/kadvanced.com\/es\/politica-de-cookies\/","url":"https:\/\/kadvanced.com\/es\/politica-de-cookies\/","name":"Pol\u00edtica de cookies &#187; Koenigsegg Advanced Manufacturing","isPartOf":{"@id":"https:\/\/kadvanced.com\/es\/#website"},"datePublished":"2020-03-16T17:48:15+00:00","dateModified":"2020-06-03T11:53:52+00:00","description":"En nuestra p\u00e1gina web utilizamos cookies para mejorar su navegaci\u00f3n.","breadcrumb":{"@id":"https:\/\/kadvanced.com\/es\/politica-de-cookies\/#breadcrumb"},"inLanguage":"es","potentialAction":[{"@type":"ReadAction","target":["https:\/\/kadvanced.com\/es\/politica-de-cookies\/"]}]},{"@type":"BreadcrumbList","@id":"https:\/\/kadvanced.com\/es\/politica-de-cookies\/#breadcrumb","itemListElement":[{"@type":"ListItem","position":1,"name":"Home","item":"https:\/\/kadvanced.com\/es\/"},{"@type":"ListItem","position":2,"name":"Pol\u00edtica de cookies"}]},{"@type":"WebSite","@id":"https:\/\/kadvanced.com\/es\/#website","url":"https:\/\/kadvanced.com\/es\/","name":"Koenigsegg Advanced Manufacturing","description":"KAM","publisher":{"@id":"https:\/\/kadvanced.com\/es\/#organization"},"potentialAction":[{"@type":"SearchAction","target":{"@type":"EntryPoint","urlTemplate":"https:\/\/kadvanced.com\/es\/?s={search_term_string}"},"query-input":{"@type":"PropertyValueSpecification","valueRequired":true,"valueName":"search_term_string"}}],"inLanguage":"es"},{"@type":"Organization","@id":"https:\/\/kadvanced.com\/es\/#organization","name":"Koenigsegg Advanced Manufacturing","url":"https:\/\/kadvanced.com\/es\/","logo":{"@type":"ImageObject","inLanguage":"es","@id":"https:\/\/kadvanced.com\/es\/#\/schema\/logo\/image\/","url":"https:\/\/kadvanced.com\/wp-content\/uploads\/2020\/04\/logo-kam-2020.png","contentUrl":"https:\/\/kadvanced.com\/wp-content\/uploads\/2020\/04\/logo-kam-2020.png","width":430,"height":122,"caption":"Koenigsegg Advanced Manufacturing"},"image":{"@id":"https:\/\/kadvanced.com\/es\/#\/schema\/logo\/image\/"}}]}},"_links":{"self":[{"href":"https:\/\/kadvanced.com\/es\/wp-json\/wp\/v2\/pages\/127","targetHints":{"allow":["GET"]}}],"collection":[{"href":"https:\/\/kadvanced.com\/es\/wp-json\/wp\/v2\/pages"}],"about":[{"href":"https:\/\/kadvanced.com\/es\/wp-json\/wp\/v2\/types\/page"}],"author":[{"embeddable":true,"href":"https:\/\/kadvanced.com\/es\/wp-json\/wp\/v2\/users\/2"}],"replies":[{"embeddable":true,"href":"https:\/\/kadvanced.com\/es\/wp-json\/wp\/v2\/comments?post=127"}],"version-history":[{"count":0,"href":"https:\/\/kadvanced.com\/es\/wp-json\/wp\/v2\/pages\/127\/revisions"}],"wp:attachment":[{"href":"https:\/\/kadvanced.com\/es\/wp-json\/wp\/v2\/media?parent=127"}],"curies":[{"name":"wp","href":"https:\/\/api.w.org\/{rel}","templated":true}]}}