{"id":125,"date":"2020-03-16T17:48:00","date_gmt":"2020-03-16T17:48:00","guid":{"rendered":"https:\/\/kadvanced.com\/?page_id=125"},"modified":"2025-02-06T12:24:26","modified_gmt":"2025-02-06T11:24:26","slug":"politica-de-privacidad","status":"publish","type":"page","link":"https:\/\/kadvanced.com\/es\/politica-de-privacidad\/","title":{"rendered":"Pol\u00edtica de privacidad"},"content":{"rendered":"\t\t<div data-elementor-type=\"wp-page\" data-elementor-id=\"125\" class=\"elementor elementor-125 elementor-1092\" data-elementor-post-type=\"page\">\n\t\t\t\t\t\t<section class=\"elementor-section elementor-top-section elementor-element elementor-element-572fcba3 elementor-section-boxed elementor-section-height-default elementor-section-height-default\" data-id=\"572fcba3\" data-element_type=\"section\" data-e-type=\"section\">\n\t\t\t\t\t\t<div class=\"elementor-container elementor-column-gap-default\">\n\t\t\t\t\t<div class=\"elementor-column elementor-col-100 elementor-top-column elementor-element elementor-element-4405d31a\" data-id=\"4405d31a\" data-element_type=\"column\" data-e-type=\"column\">\n\t\t\t<div class=\"elementor-widget-wrap elementor-element-populated\">\n\t\t\t\t\t\t<div class=\"elementor-element elementor-element-6f72989d elementor-widget elementor-widget-text-editor\" data-id=\"6f72989d\" data-element_type=\"widget\" data-e-type=\"widget\" data-widget_type=\"text-editor.default\">\n\t\t\t\t<div class=\"elementor-widget-container\">\n\t\t\t\t\t\t\t\t\t<h3><span style=\"color: #000000;\">POL\u00cdTICA DE PRIVACIDAD<\/span><\/h3>\n<p>De conformidad con lo establecido en el Reglamento General de Protecci\u00f3n de Datos 2016\/679 de la Uni\u00f3n Europea (RGPD) y la Ley Org\u00e1nica 3\/2018 de Protecci\u00f3n de Datos de Car\u00e1cter Personal, KOENIGSEGG ADVANCED MANUFACTURING, SLU desea informar a los usuarios de su sitio web que:<\/p>\n<p>Toda la informaci\u00f3n que KOENIGSEGG ADVANCED MANUFACTURING, SLU recibe en el marco de sus diferentes servicios es tratada con la m\u00e1xima confidencialidad y seguridad, y ser\u00e1 incorporada a un fichero automatizado de cuya creaci\u00f3n informa debidamente la Agencia de Protecci\u00f3n de Datos.<\/p>\n<p>Adem\u00e1s, esta informaci\u00f3n es utilizada exclusivamente por KOENIGSEGG ADVANCED MANUFACTURING, SLU para fines relacionados con cada producto y servicio, y la relaci\u00f3n comercial con sus clientes, y no ser\u00e1 comunicada a terceros salvo que KOENIGSEGG ADVANCED MANUFACTURING, SLU sea requerida por las autoridades o se trate de informaci\u00f3n p\u00fablica.<\/p>\n<p>Los interesados \u200b\u200bpodr\u00e1n ejercitar sus derechos de acceso, rectificaci\u00f3n, supresi\u00f3n y portabilidad, as\u00ed como oposici\u00f3n y limitaci\u00f3n al tratamiento de sus datos personales frente a KOENIGSEGG ADVANCED MANUFACTURING, SLU dirigi\u00e9ndose a KOENIGSEGG ADVANCED MANUFACTURING, SLU, responsable del tratamiento, en la siguiente direcci\u00f3n: KOENIGSEGG ADVANCED MANUFACTURING, SLU, C\/Llevant, 10. 08495, Fogars de la Selva. Barcelona, \u200b\u200bo por correo electr\u00f3nico a info@kadvanced.com mediante escrito firmado, aportando fotocopia del DNI o pasaporte.<\/p>\n<p>KOENIGSEGG ADVANCED MANUFACTURING, SLU guardar\u00e1 la informaci\u00f3n personal que haya recabado y adoptar\u00e1 las medidas necesarias para evitar su alteraci\u00f3n, p\u00e9rdida, tratamiento o acceso no autorizado. KOENIGSEGG ADVANCED MANUFACTURING, SLU cumplir\u00e1 con esta obligaci\u00f3n de acuerdo con lo establecido en la normativa aplicable (Reglamento General de Protecci\u00f3n de Datos 2016\/679 UE \u2013 RGPD, y disposiciones posteriores).<\/p>\n\t\t\t\t\t\t\t\t<\/div>\n\t\t\t\t<\/div>\n\t\t\t\t\t<\/div>\n\t\t<\/div>\n\t\t\t\t\t<\/div>\n\t\t<\/section>\n\t\t\t\t<\/div>\n\t\t","protected":false},"excerpt":{"rendered":"<p>POL\u00cdTICA DE PRIVACIDAD De conformidad con lo establecido en el Reglamento General de Protecci\u00f3n de Datos 2016\/679 de la Uni\u00f3n Europea (RGPD) y la Ley Org\u00e1nica 3\/2018 de Protecci\u00f3n de Datos de Car\u00e1cter Personal, KOENIGSEGG ADVANCED MANUFACTURING, SLU desea informar a los usuarios de su sitio web que: Toda la informaci\u00f3n que KOENIGSEGG ADVANCED MANUFACTURING, [&hellip;]<\/p>\n","protected":false},"author":2,"featured_media":0,"parent":0,"menu_order":0,"comment_status":"closed","ping_status":"closed","template":"","meta":{"_acf_changed":false,"footnotes":""},"class_list":["post-125","page","type-page","status-publish","hentry"],"acf":[],"yoast_head":"<!-- This site is optimized with the Yoast SEO plugin v27.1.1 - https:\/\/yoast.com\/product\/yoast-seo-wordpress\/ -->\n<title>Pol\u00edtica de privacidad &#187; Koenigsegg Advanced Manufacturing<\/title>\n<meta name=\"description\" content=\"Cumplimos los preceptos de la Ley Org\u00e1nica 3\/2018 de Protecci\u00f3n de Datos Personales y garant\u00eda de los derechos digitales y el Reglamento General de Protecci\u00f3n de Datos 2016\/679 de la Uni\u00f3n Europea.\" \/>\n<meta name=\"robots\" content=\"index, follow, max-snippet:-1, max-image-preview:large, max-video-preview:-1\" \/>\n<link rel=\"canonical\" href=\"https:\/\/kadvanced.com\/es\/politica-de-privacidad\/\" \/>\n<meta property=\"og:locale\" content=\"es_ES\" \/>\n<meta property=\"og:type\" content=\"article\" \/>\n<meta property=\"og:title\" content=\"Pol\u00edtica de privacidad &#187; Koenigsegg Advanced Manufacturing\" \/>\n<meta property=\"og:description\" content=\"Cumplimos los preceptos de la Ley Org\u00e1nica 3\/2018 de Protecci\u00f3n de Datos Personales y garant\u00eda de los derechos digitales y el Reglamento General de Protecci\u00f3n de Datos 2016\/679 de la Uni\u00f3n Europea.\" \/>\n<meta property=\"og:url\" content=\"https:\/\/kadvanced.com\/es\/politica-de-privacidad\/\" \/>\n<meta property=\"og:site_name\" content=\"Koenigsegg Advanced Manufacturing\" \/>\n<meta property=\"article:modified_time\" content=\"2025-02-06T11:24:26+00:00\" \/>\n<meta name=\"twitter:card\" content=\"summary_large_image\" \/>\n<meta name=\"twitter:label1\" content=\"Tiempo de lectura\" \/>\n\t<meta name=\"twitter:data1\" content=\"2 minutos\" \/>\n<script type=\"application\/ld+json\" class=\"yoast-schema-graph\">{\"@context\":\"https:\/\/schema.org\",\"@graph\":[{\"@type\":\"WebPage\",\"@id\":\"https:\/\/kadvanced.com\/es\/politica-de-privacidad\/\",\"url\":\"https:\/\/kadvanced.com\/es\/politica-de-privacidad\/\",\"name\":\"Pol\u00edtica de privacidad &#187; Koenigsegg Advanced Manufacturing\",\"isPartOf\":{\"@id\":\"https:\/\/kadvanced.com\/es\/#website\"},\"datePublished\":\"2020-03-16T17:48:00+00:00\",\"dateModified\":\"2025-02-06T11:24:26+00:00\",\"description\":\"Cumplimos los preceptos de la Ley Org\u00e1nica 3\/2018 de Protecci\u00f3n de Datos Personales y garant\u00eda de los derechos digitales y el Reglamento General de Protecci\u00f3n de Datos 2016\/679 de la Uni\u00f3n Europea.\",\"breadcrumb\":{\"@id\":\"https:\/\/kadvanced.com\/es\/politica-de-privacidad\/#breadcrumb\"},\"inLanguage\":\"es\",\"potentialAction\":[{\"@type\":\"ReadAction\",\"target\":[\"https:\/\/kadvanced.com\/es\/politica-de-privacidad\/\"]}]},{\"@type\":\"BreadcrumbList\",\"@id\":\"https:\/\/kadvanced.com\/es\/politica-de-privacidad\/#breadcrumb\",\"itemListElement\":[{\"@type\":\"ListItem\",\"position\":1,\"name\":\"Home\",\"item\":\"https:\/\/kadvanced.com\/es\/\"},{\"@type\":\"ListItem\",\"position\":2,\"name\":\"Pol\u00edtica de privacidad\"}]},{\"@type\":\"WebSite\",\"@id\":\"https:\/\/kadvanced.com\/es\/#website\",\"url\":\"https:\/\/kadvanced.com\/es\/\",\"name\":\"Koenigsegg Advanced Manufacturing\",\"description\":\"KAM\",\"publisher\":{\"@id\":\"https:\/\/kadvanced.com\/es\/#organization\"},\"potentialAction\":[{\"@type\":\"SearchAction\",\"target\":{\"@type\":\"EntryPoint\",\"urlTemplate\":\"https:\/\/kadvanced.com\/es\/?s={search_term_string}\"},\"query-input\":{\"@type\":\"PropertyValueSpecification\",\"valueRequired\":true,\"valueName\":\"search_term_string\"}}],\"inLanguage\":\"es\"},{\"@type\":\"Organization\",\"@id\":\"https:\/\/kadvanced.com\/es\/#organization\",\"name\":\"Koenigsegg Advanced Manufacturing\",\"url\":\"https:\/\/kadvanced.com\/es\/\",\"logo\":{\"@type\":\"ImageObject\",\"inLanguage\":\"es\",\"@id\":\"https:\/\/kadvanced.com\/es\/#\/schema\/logo\/image\/\",\"url\":\"https:\/\/kadvanced.com\/wp-content\/uploads\/2020\/04\/logo-kam-2020.png\",\"contentUrl\":\"https:\/\/kadvanced.com\/wp-content\/uploads\/2020\/04\/logo-kam-2020.png\",\"width\":430,\"height\":122,\"caption\":\"Koenigsegg Advanced Manufacturing\"},\"image\":{\"@id\":\"https:\/\/kadvanced.com\/es\/#\/schema\/logo\/image\/\"}}]}<\/script>\n<!-- \/ Yoast SEO plugin. -->","yoast_head_json":{"title":"Pol\u00edtica de privacidad &#187; Koenigsegg Advanced Manufacturing","description":"Cumplimos los preceptos de la Ley Org\u00e1nica 3\/2018 de Protecci\u00f3n de Datos Personales y garant\u00eda de los derechos digitales y el Reglamento General de Protecci\u00f3n de Datos 2016\/679 de la Uni\u00f3n Europea.","robots":{"index":"index","follow":"follow","max-snippet":"max-snippet:-1","max-image-preview":"max-image-preview:large","max-video-preview":"max-video-preview:-1"},"canonical":"https:\/\/kadvanced.com\/es\/politica-de-privacidad\/","og_locale":"es_ES","og_type":"article","og_title":"Pol\u00edtica de privacidad &#187; Koenigsegg Advanced Manufacturing","og_description":"Cumplimos los preceptos de la Ley Org\u00e1nica 3\/2018 de Protecci\u00f3n de Datos Personales y garant\u00eda de los derechos digitales y el Reglamento General de Protecci\u00f3n de Datos 2016\/679 de la Uni\u00f3n Europea.","og_url":"https:\/\/kadvanced.com\/es\/politica-de-privacidad\/","og_site_name":"Koenigsegg Advanced Manufacturing","article_modified_time":"2025-02-06T11:24:26+00:00","twitter_card":"summary_large_image","twitter_misc":{"Tiempo de lectura":"2 minutos"},"schema":{"@context":"https:\/\/schema.org","@graph":[{"@type":"WebPage","@id":"https:\/\/kadvanced.com\/es\/politica-de-privacidad\/","url":"https:\/\/kadvanced.com\/es\/politica-de-privacidad\/","name":"Pol\u00edtica de privacidad &#187; Koenigsegg Advanced Manufacturing","isPartOf":{"@id":"https:\/\/kadvanced.com\/es\/#website"},"datePublished":"2020-03-16T17:48:00+00:00","dateModified":"2025-02-06T11:24:26+00:00","description":"Cumplimos los preceptos de la Ley Org\u00e1nica 3\/2018 de Protecci\u00f3n de Datos Personales y garant\u00eda de los derechos digitales y el Reglamento General de Protecci\u00f3n de Datos 2016\/679 de la Uni\u00f3n Europea.","breadcrumb":{"@id":"https:\/\/kadvanced.com\/es\/politica-de-privacidad\/#breadcrumb"},"inLanguage":"es","potentialAction":[{"@type":"ReadAction","target":["https:\/\/kadvanced.com\/es\/politica-de-privacidad\/"]}]},{"@type":"BreadcrumbList","@id":"https:\/\/kadvanced.com\/es\/politica-de-privacidad\/#breadcrumb","itemListElement":[{"@type":"ListItem","position":1,"name":"Home","item":"https:\/\/kadvanced.com\/es\/"},{"@type":"ListItem","position":2,"name":"Pol\u00edtica de privacidad"}]},{"@type":"WebSite","@id":"https:\/\/kadvanced.com\/es\/#website","url":"https:\/\/kadvanced.com\/es\/","name":"Koenigsegg Advanced Manufacturing","description":"KAM","publisher":{"@id":"https:\/\/kadvanced.com\/es\/#organization"},"potentialAction":[{"@type":"SearchAction","target":{"@type":"EntryPoint","urlTemplate":"https:\/\/kadvanced.com\/es\/?s={search_term_string}"},"query-input":{"@type":"PropertyValueSpecification","valueRequired":true,"valueName":"search_term_string"}}],"inLanguage":"es"},{"@type":"Organization","@id":"https:\/\/kadvanced.com\/es\/#organization","name":"Koenigsegg Advanced Manufacturing","url":"https:\/\/kadvanced.com\/es\/","logo":{"@type":"ImageObject","inLanguage":"es","@id":"https:\/\/kadvanced.com\/es\/#\/schema\/logo\/image\/","url":"https:\/\/kadvanced.com\/wp-content\/uploads\/2020\/04\/logo-kam-2020.png","contentUrl":"https:\/\/kadvanced.com\/wp-content\/uploads\/2020\/04\/logo-kam-2020.png","width":430,"height":122,"caption":"Koenigsegg Advanced Manufacturing"},"image":{"@id":"https:\/\/kadvanced.com\/es\/#\/schema\/logo\/image\/"}}]}},"_links":{"self":[{"href":"https:\/\/kadvanced.com\/es\/wp-json\/wp\/v2\/pages\/125","targetHints":{"allow":["GET"]}}],"collection":[{"href":"https:\/\/kadvanced.com\/es\/wp-json\/wp\/v2\/pages"}],"about":[{"href":"https:\/\/kadvanced.com\/es\/wp-json\/wp\/v2\/types\/page"}],"author":[{"embeddable":true,"href":"https:\/\/kadvanced.com\/es\/wp-json\/wp\/v2\/users\/2"}],"replies":[{"embeddable":true,"href":"https:\/\/kadvanced.com\/es\/wp-json\/wp\/v2\/comments?post=125"}],"version-history":[{"count":0,"href":"https:\/\/kadvanced.com\/es\/wp-json\/wp\/v2\/pages\/125\/revisions"}],"wp:attachment":[{"href":"https:\/\/kadvanced.com\/es\/wp-json\/wp\/v2\/media?parent=125"}],"curies":[{"name":"wp","href":"https:\/\/api.w.org\/{rel}","templated":true}]}}