{"id":123,"date":"2020-03-16T17:47:35","date_gmt":"2020-03-16T17:47:35","guid":{"rendered":"https:\/\/kadvanced.com\/?page_id=123"},"modified":"2020-06-03T13:49:11","modified_gmt":"2020-06-03T11:49:11","slug":"aviso-legal","status":"publish","type":"page","link":"https:\/\/kadvanced.com\/es\/aviso-legal\/","title":{"rendered":"Aviso legal"},"content":{"rendered":"<h3><span style=\"color: #000000;\">AVISO LEGAL<\/span><\/h3>\n<p>Cumpliendo con la normativa definida en la Ley 34\/ 2002, del 11 de Julio, de Servicios de la Sociedad de la Informaci\u00f3n y de Comercio Electr\u00f3nico, indicamos a continuaci\u00f3n los datos de informaci\u00f3n general de esta p\u00e1gina web:<\/p>\n<p>Titular: KOENIGSEGG ADVANCED MANUFACTURING, SLU<\/p>\n<p>Domicilio: \u00a0C\/Llevant, 10. 08495, Fogars de la Selva. Barcelona<\/p>\n<p>Tel\u00e9fono:\u00a0 +34 972 874 252<\/p>\n<p>CIF: B66796533<\/p>\n<p>&nbsp;<\/p>\n<h3><span style=\"color: #000000;\">PROPIEDAD INTELECTUAL<\/span><\/h3>\n<p>Todos los contenidos, incluidos los textos, las im\u00e1genes, los sonidos y cualquier otro material, son propiedad de KOENIGSEGG ADVANCED MANUFACTURING, SLU Quedan reservados todos los derechos de explotaci\u00f3n.<\/p>\n<p>Por tanto, queda prohibida la reproducci\u00f3n, retransmisi\u00f3n, copia, cesi\u00f3n o difusi\u00f3n total o parcial de su contenido sin autorizaci\u00f3n expresa y por escrito.<\/p>\n<p>&nbsp;<\/p>\n<h3><span style=\"color: #000000;\">RESPONSABILIDAD DE LOS CONTENIDOS Y LOS ENLACES<\/span><\/h3>\n<p>KOENIGSEGG ADVANCED MANUFACTURING, SLU no asume la responsabilidad de las infracciones que los usuarios puedan incurrir o de los da\u00f1os y perjuicios causados por la utilizaci\u00f3n de esta web y se reserva el derecho de actualizaci\u00f3n y modificaci\u00f3n de la informaci\u00f3n sin previo aviso.<\/p>\n<p>Adem\u00e1s, KOENIGSEGG ADVANCED MANUFACTURING, SLU tampoco asume la responsabilidad del contenido, veracidad y\/o posibles errores en los enlaces a los que se puede acceder a trav\u00e9s del sitio web. La \u00fanica finalidad de los enlaces es la de proporcionar a los usuarios el acceso a una informaci\u00f3n que puede ser de su inter\u00e9s.<\/p>\n","protected":false},"excerpt":{"rendered":"<p>AVISO LEGAL Cumpliendo con la normativa definida en la Ley 34\/ 2002, del 11 de Julio, de Servicios de la Sociedad de la Informaci\u00f3n y de Comercio Electr\u00f3nico, indicamos a continuaci\u00f3n los datos de informaci\u00f3n general de esta p\u00e1gina web: Titular: KOENIGSEGG ADVANCED MANUFACTURING, SLU Domicilio: \u00a0C\/Llevant, 10. 08495, Fogars de la Selva. Barcelona Tel\u00e9fono:\u00a0 [&hellip;]<\/p>\n","protected":false},"author":2,"featured_media":0,"parent":0,"menu_order":0,"comment_status":"closed","ping_status":"closed","template":"","meta":{"_acf_changed":false,"footnotes":""},"class_list":["post-123","page","type-page","status-publish","hentry"],"acf":[],"yoast_head":"<!-- This site is optimized with the Yoast SEO plugin v27.1.1 - https:\/\/yoast.com\/product\/yoast-seo-wordpress\/ -->\n<title>Aviso legal &#187; Koenigsegg Advanced Manufacturing<\/title>\n<meta name=\"description\" content=\"KOENIGSEGG ADVANCED MANUFACTURING, SLU \u00b7 Domicilio:\u00a0C\/Llevant, 10. 08495, Fogars de la Selva. Barcelona, Espa\u00f1a. Tel\u00e9fono:\u00a0 +34 972 874 252 \u00b7 CIF: B66796533\" \/>\n<meta name=\"robots\" content=\"index, follow, max-snippet:-1, max-image-preview:large, max-video-preview:-1\" \/>\n<link rel=\"canonical\" href=\"https:\/\/kadvanced.com\/es\/aviso-legal\/\" \/>\n<meta property=\"og:locale\" content=\"es_ES\" \/>\n<meta property=\"og:type\" content=\"article\" \/>\n<meta property=\"og:title\" content=\"Aviso legal &#187; Koenigsegg Advanced Manufacturing\" \/>\n<meta property=\"og:description\" content=\"KOENIGSEGG ADVANCED MANUFACTURING, SLU \u00b7 Domicilio:\u00a0C\/Llevant, 10. 08495, Fogars de la Selva. Barcelona, Espa\u00f1a. Tel\u00e9fono:\u00a0 +34 972 874 252 \u00b7 CIF: B66796533\" \/>\n<meta property=\"og:url\" content=\"https:\/\/kadvanced.com\/es\/aviso-legal\/\" \/>\n<meta property=\"og:site_name\" content=\"Koenigsegg Advanced Manufacturing\" \/>\n<meta property=\"article:modified_time\" content=\"2020-06-03T11:49:11+00:00\" \/>\n<meta name=\"twitter:card\" content=\"summary_large_image\" \/>\n<meta name=\"twitter:label1\" content=\"Tiempo de lectura\" \/>\n\t<meta name=\"twitter:data1\" content=\"1 minuto\" \/>\n<script type=\"application\/ld+json\" class=\"yoast-schema-graph\">{\"@context\":\"https:\/\/schema.org\",\"@graph\":[{\"@type\":\"WebPage\",\"@id\":\"https:\/\/kadvanced.com\/es\/aviso-legal\/\",\"url\":\"https:\/\/kadvanced.com\/es\/aviso-legal\/\",\"name\":\"Aviso legal &#187; Koenigsegg Advanced Manufacturing\",\"isPartOf\":{\"@id\":\"https:\/\/kadvanced.com\/es\/#website\"},\"datePublished\":\"2020-03-16T17:47:35+00:00\",\"dateModified\":\"2020-06-03T11:49:11+00:00\",\"description\":\"KOENIGSEGG ADVANCED MANUFACTURING, SLU \u00b7 Domicilio:\u00a0C\/Llevant, 10. 08495, Fogars de la Selva. Barcelona, Espa\u00f1a. Tel\u00e9fono:\u00a0 +34 972 874 252 \u00b7 CIF: B66796533\",\"breadcrumb\":{\"@id\":\"https:\/\/kadvanced.com\/es\/aviso-legal\/#breadcrumb\"},\"inLanguage\":\"es\",\"potentialAction\":[{\"@type\":\"ReadAction\",\"target\":[\"https:\/\/kadvanced.com\/es\/aviso-legal\/\"]}]},{\"@type\":\"BreadcrumbList\",\"@id\":\"https:\/\/kadvanced.com\/es\/aviso-legal\/#breadcrumb\",\"itemListElement\":[{\"@type\":\"ListItem\",\"position\":1,\"name\":\"Home\",\"item\":\"https:\/\/kadvanced.com\/es\/\"},{\"@type\":\"ListItem\",\"position\":2,\"name\":\"Aviso legal\"}]},{\"@type\":\"WebSite\",\"@id\":\"https:\/\/kadvanced.com\/es\/#website\",\"url\":\"https:\/\/kadvanced.com\/es\/\",\"name\":\"Koenigsegg Advanced Manufacturing\",\"description\":\"KAM\",\"publisher\":{\"@id\":\"https:\/\/kadvanced.com\/es\/#organization\"},\"potentialAction\":[{\"@type\":\"SearchAction\",\"target\":{\"@type\":\"EntryPoint\",\"urlTemplate\":\"https:\/\/kadvanced.com\/es\/?s={search_term_string}\"},\"query-input\":{\"@type\":\"PropertyValueSpecification\",\"valueRequired\":true,\"valueName\":\"search_term_string\"}}],\"inLanguage\":\"es\"},{\"@type\":\"Organization\",\"@id\":\"https:\/\/kadvanced.com\/es\/#organization\",\"name\":\"Koenigsegg Advanced Manufacturing\",\"url\":\"https:\/\/kadvanced.com\/es\/\",\"logo\":{\"@type\":\"ImageObject\",\"inLanguage\":\"es\",\"@id\":\"https:\/\/kadvanced.com\/es\/#\/schema\/logo\/image\/\",\"url\":\"https:\/\/kadvanced.com\/wp-content\/uploads\/2020\/04\/logo-kam-2020.png\",\"contentUrl\":\"https:\/\/kadvanced.com\/wp-content\/uploads\/2020\/04\/logo-kam-2020.png\",\"width\":430,\"height\":122,\"caption\":\"Koenigsegg Advanced Manufacturing\"},\"image\":{\"@id\":\"https:\/\/kadvanced.com\/es\/#\/schema\/logo\/image\/\"}}]}<\/script>\n<!-- \/ Yoast SEO plugin. -->","yoast_head_json":{"title":"Aviso legal &#187; Koenigsegg Advanced Manufacturing","description":"KOENIGSEGG ADVANCED MANUFACTURING, SLU \u00b7 Domicilio:\u00a0C\/Llevant, 10. 08495, Fogars de la Selva. Barcelona, Espa\u00f1a. Tel\u00e9fono:\u00a0 +34 972 874 252 \u00b7 CIF: B66796533","robots":{"index":"index","follow":"follow","max-snippet":"max-snippet:-1","max-image-preview":"max-image-preview:large","max-video-preview":"max-video-preview:-1"},"canonical":"https:\/\/kadvanced.com\/es\/aviso-legal\/","og_locale":"es_ES","og_type":"article","og_title":"Aviso legal &#187; Koenigsegg Advanced Manufacturing","og_description":"KOENIGSEGG ADVANCED MANUFACTURING, SLU \u00b7 Domicilio:\u00a0C\/Llevant, 10. 08495, Fogars de la Selva. Barcelona, Espa\u00f1a. Tel\u00e9fono:\u00a0 +34 972 874 252 \u00b7 CIF: B66796533","og_url":"https:\/\/kadvanced.com\/es\/aviso-legal\/","og_site_name":"Koenigsegg Advanced Manufacturing","article_modified_time":"2020-06-03T11:49:11+00:00","twitter_card":"summary_large_image","twitter_misc":{"Tiempo de lectura":"1 minuto"},"schema":{"@context":"https:\/\/schema.org","@graph":[{"@type":"WebPage","@id":"https:\/\/kadvanced.com\/es\/aviso-legal\/","url":"https:\/\/kadvanced.com\/es\/aviso-legal\/","name":"Aviso legal &#187; Koenigsegg Advanced Manufacturing","isPartOf":{"@id":"https:\/\/kadvanced.com\/es\/#website"},"datePublished":"2020-03-16T17:47:35+00:00","dateModified":"2020-06-03T11:49:11+00:00","description":"KOENIGSEGG ADVANCED MANUFACTURING, SLU \u00b7 Domicilio:\u00a0C\/Llevant, 10. 08495, Fogars de la Selva. Barcelona, Espa\u00f1a. Tel\u00e9fono:\u00a0 +34 972 874 252 \u00b7 CIF: B66796533","breadcrumb":{"@id":"https:\/\/kadvanced.com\/es\/aviso-legal\/#breadcrumb"},"inLanguage":"es","potentialAction":[{"@type":"ReadAction","target":["https:\/\/kadvanced.com\/es\/aviso-legal\/"]}]},{"@type":"BreadcrumbList","@id":"https:\/\/kadvanced.com\/es\/aviso-legal\/#breadcrumb","itemListElement":[{"@type":"ListItem","position":1,"name":"Home","item":"https:\/\/kadvanced.com\/es\/"},{"@type":"ListItem","position":2,"name":"Aviso legal"}]},{"@type":"WebSite","@id":"https:\/\/kadvanced.com\/es\/#website","url":"https:\/\/kadvanced.com\/es\/","name":"Koenigsegg Advanced Manufacturing","description":"KAM","publisher":{"@id":"https:\/\/kadvanced.com\/es\/#organization"},"potentialAction":[{"@type":"SearchAction","target":{"@type":"EntryPoint","urlTemplate":"https:\/\/kadvanced.com\/es\/?s={search_term_string}"},"query-input":{"@type":"PropertyValueSpecification","valueRequired":true,"valueName":"search_term_string"}}],"inLanguage":"es"},{"@type":"Organization","@id":"https:\/\/kadvanced.com\/es\/#organization","name":"Koenigsegg Advanced Manufacturing","url":"https:\/\/kadvanced.com\/es\/","logo":{"@type":"ImageObject","inLanguage":"es","@id":"https:\/\/kadvanced.com\/es\/#\/schema\/logo\/image\/","url":"https:\/\/kadvanced.com\/wp-content\/uploads\/2020\/04\/logo-kam-2020.png","contentUrl":"https:\/\/kadvanced.com\/wp-content\/uploads\/2020\/04\/logo-kam-2020.png","width":430,"height":122,"caption":"Koenigsegg Advanced Manufacturing"},"image":{"@id":"https:\/\/kadvanced.com\/es\/#\/schema\/logo\/image\/"}}]}},"_links":{"self":[{"href":"https:\/\/kadvanced.com\/es\/wp-json\/wp\/v2\/pages\/123","targetHints":{"allow":["GET"]}}],"collection":[{"href":"https:\/\/kadvanced.com\/es\/wp-json\/wp\/v2\/pages"}],"about":[{"href":"https:\/\/kadvanced.com\/es\/wp-json\/wp\/v2\/types\/page"}],"author":[{"embeddable":true,"href":"https:\/\/kadvanced.com\/es\/wp-json\/wp\/v2\/users\/2"}],"replies":[{"embeddable":true,"href":"https:\/\/kadvanced.com\/es\/wp-json\/wp\/v2\/comments?post=123"}],"version-history":[{"count":0,"href":"https:\/\/kadvanced.com\/es\/wp-json\/wp\/v2\/pages\/123\/revisions"}],"wp:attachment":[{"href":"https:\/\/kadvanced.com\/es\/wp-json\/wp\/v2\/media?parent=123"}],"curies":[{"name":"wp","href":"https:\/\/api.w.org\/{rel}","templated":true}]}}